{"id":474,"date":"2024-02-28T15:05:39","date_gmt":"2024-02-28T13:05:39","guid":{"rendered":"https:\/\/lasnamaeprisma.ee\/privacy-policy\/"},"modified":"2025-02-03T18:59:08","modified_gmt":"2025-02-03T16:59:08","slug":"privacy-policy","status":"publish","type":"page","link":"https:\/\/lasnamaeprisma.ee\/en\/privacy-policy\/","title":{"rendered":"Privacy policy"},"content":{"rendered":"\t\t<div data-elementor-type=\"wp-page\" data-elementor-id=\"474\" class=\"elementor elementor-474 elementor-3\" data-elementor-post-type=\"page\">\n\t\t\t\t<div class=\"elementor-element elementor-element-560a6595 e-flex e-con-boxed e-con e-parent\" data-id=\"560a6595\" data-element_type=\"container\" data-e-type=\"container\">\n\t\t\t\t\t<div class=\"e-con-inner\">\n\t\t\t\t<div class=\"elementor-element elementor-element-145ba8eb elementor-widget elementor-widget-heading\" data-id=\"145ba8eb\" data-element_type=\"widget\" data-e-type=\"widget\" data-widget_type=\"heading.default\">\n\t\t\t\t<div class=\"elementor-widget-container\">\n\t\t\t\t\t<h2 class=\"elementor-heading-title elementor-size-default\">Privacy policy<\/h2>\t\t\t\t<\/div>\n\t\t\t\t<\/div>\n\t\t\t\t<div class=\"elementor-element elementor-element-260d7371 elementor-widget elementor-widget-text-editor\" data-id=\"260d7371\" data-element_type=\"widget\" data-e-type=\"widget\" data-widget_type=\"text-editor.default\">\n\t\t\t\t<div class=\"elementor-widget-container\">\n\t\t\t\t\t\t\t\t\t<p>The data controller is Mustakivi 17 O\u00dc, rg-code 14617000, Ahtri 9, 10151 Tallinn, tel 615 4170, e-mail info@lasnamaeprisma.ee, which owns Lasnam\u00e4e Prisma shopping centre.<\/p>\n\t\t\t\t\t\t\t\t<\/div>\n\t\t\t\t<\/div>\n\t\t\t\t<div class=\"elementor-element elementor-element-1e53da1e elementor-widget-divider--view-line elementor-widget elementor-widget-divider\" data-id=\"1e53da1e\" data-element_type=\"widget\" data-e-type=\"widget\" data-widget_type=\"divider.default\">\n\t\t\t\t<div class=\"elementor-widget-container\">\n\t\t\t\t\t\t\t<div class=\"elementor-divider\">\n\t\t\t<span class=\"elementor-divider-separator\">\n\t\t\t\t\t\t<\/span>\n\t\t<\/div>\n\t\t\t\t\t\t<\/div>\n\t\t\t\t<\/div>\n\t\t\t\t\t<\/div>\n\t\t\t\t<\/div>\n\t\t<div class=\"elementor-element elementor-element-f1aca1a e-flex e-con-boxed e-con e-parent\" data-id=\"f1aca1a\" data-element_type=\"container\" data-e-type=\"container\">\n\t\t\t\t\t<div class=\"e-con-inner\">\n\t\t\t\t<div class=\"elementor-element elementor-element-a2ab3b4 elementor-widget elementor-widget-text-editor\" data-id=\"a2ab3b4\" data-element_type=\"widget\" data-e-type=\"widget\" data-widget_type=\"text-editor.default\">\n\t\t\t\t<div class=\"elementor-widget-container\">\n\t\t\t\t\t\t\t\t\t<p class=\"paragraph\"><strong>Protection and security of personal data<\/strong><\/p>\n<p class=\"paragraph\">Mustakivi 17 O\u00dc is committed to protecting the personal data and privacy of its customers and users. Our activities are in compliance with all relevant activities and relevant European Union legislation and the laws of the Republic of Estonia, including Regulation (EU) 2016\/679 of the European Parliament and of the Council.<\/p>\n<p class=\"paragraph\">Mustakivi 17 O\u00dc takes every precaution (including administrative, technical and physical measures) to protect the personal data collected. Only authorised persons have access to modify and process data. Personal data is stored on servers located in the territory of a Member State of the European Union or in the territory of countries that have acceded to the European Economic Area.<\/p>\n<p class=\"paragraph\"><strong>Types of personal data and purposes of processing<\/strong><\/p>\n<p class=\"paragraph\"><strong>We collect and process:<\/strong><\/p>\n<ol class=\"list list--ordered\">\n<li class=\"list__item\">Personal data that can be directly or indirectly associated with a person, such as first and last name, personal identification number, address, telephone number, postal code, e-mail address. We collect and process personal data for the performance of contracts with the individual, to contact the individual, to send marketing-related information or to comply with legal obligations.<\/li>\n<\/ol>\n<p class=\"paragraph\">If you consent to the processing of your personal data through the Lasnam\u00e4e Prisma shopping centre websites or other marketing activities, you agree that Mustakivi 17 O\u00dc may process your personal data for the following purposes:<\/p>\n<ul class=\"list list--unordered\">\n<li class=\"list__item\">To send you offers, newsletters, catalogues and any other marketing\/marketing information to keep you informed.<br \/>Lasnam\u00e4e Prisma&#8217;s products, services and activities, as well as Lasnam\u00e4e Prisma&#8217;s activities in general.<\/li>\n<li class=\"list__item\">To carry out customer satisfaction or feedback surveys, including contacting you after the survey has been carried out by Lasnam\u00e4e Prisma.<\/li>\n<\/ul>\n<p class=\"paragraph\">2. Non-personally identifiable data that cannot be linked to a specific individual. Such data may include information about activity or activity on websites linked to Lasnam\u00e4e Prisma shopping centre (through cookies) and is collected for the purposes of web statistics and to provide a better service to our customers.<\/p>\n<p class=\"paragraph\"><strong>Third parties and authorised persons<\/strong><\/p>\n<p class=\"paragraph\">We will not transfer, sell or disclose your information to third parties without your prior consent, except as required by law or regulation.<\/p>\n<p class=\"paragraph\">Mustakivi 17 O\u00dc has the right to transfer personal data to the group companies to which Mustakivi 17 O\u00dc belongs.<\/p>\n<p class=\"paragraph\"><strong>Access, rectification, blocking of data processing<\/strong><\/p>\n<p class=\"paragraph\">You have the right to withdraw your consent at any time, subject to the conditions set out in the Personal Data Protection Act. Under the conditions set out in the law, you have the right to obtain information about your personal data and the processing of your personal data, to request the rectification of inaccurate personal data and, where the processing of your personal data is not permitted by law, to request the cessation, blocking and erasure of the processing of your personal data.<\/p>\n<p class=\"paragraph\">If you wish to opt out of direct marketing offers for all or some of the topics, you can do so immediately via the link at the footer of each marketing email you send. The amendment will enter into force immediately.<\/p>\n<p class=\"paragraph\">For any questions about your data or privacy policy, please contact info@lasnamaeprisma.ee. In the event of a dispute, you also have the right to contact the Data Protection Inspectorate (V\u00e4ike-Ameerika 19, 10129 Tallinn; www.aki.ee; info@aki.ee) or the competent court.<\/p>\n<p class=\"paragraph\"><strong>Data retention<\/strong><\/p>\n<p class=\"paragraph\">Personal data will be kept for up to 7 years from the last interaction with us, due to the obligation to prove transactions under accounting law. Interaction is considered to be, among other things, responding to direct marketing by viewing or clicking on a link.<\/p>\n<p class=\"paragraph\">The data collected by non-personal technical websites and service environments will be stored indefinitely.<\/p>\n<p class=\"paragraph\"><strong>Privacy Policy terms and conditions and changes<\/strong><\/p>\n<p class=\"paragraph\">By using the Websites and\/or the Services, you have read and accepted these terms and conditions. Mustakivi 17 O\u00dc reserves the right to change the terms of this Privacy Policy by notifying customers on the website, by e-mail or otherwise.<\/p>\n\t\t\t\t\t\t\t\t<\/div>\n\t\t\t\t<\/div>\n\t\t\t\t\t<\/div>\n\t\t\t\t<\/div>\n\t\t\t\t<\/div>\n\t\t","protected":false},"excerpt":{"rendered":"<p>Privacy policy The data controller is Mustakivi 17 O\u00dc, rg-code 14617000, Ahtri 9, 10151 Tallinn, tel 615 4170, e-mail info@lasnamaeprisma.ee, which owns Lasnam\u00e4e Prisma shopping centre. Protection and security of personal data Mustakivi 17 O\u00dc is committed to protecting the personal data and privacy of its customers and users. Our activities are in compliance with [&hellip;]<\/p>\n","protected":false},"author":1,"featured_media":0,"parent":0,"menu_order":0,"comment_status":"closed","ping_status":"closed","template":"","meta":{"_acf_changed":false,"footnotes":""},"class_list":["post-474","page","type-page","status-publish","hentry"],"acf":[],"_links":{"self":[{"href":"https:\/\/lasnamaeprisma.ee\/en\/wp-json\/wp\/v2\/pages\/474","targetHints":{"allow":["GET"]}}],"collection":[{"href":"https:\/\/lasnamaeprisma.ee\/en\/wp-json\/wp\/v2\/pages"}],"about":[{"href":"https:\/\/lasnamaeprisma.ee\/en\/wp-json\/wp\/v2\/types\/page"}],"author":[{"embeddable":true,"href":"https:\/\/lasnamaeprisma.ee\/en\/wp-json\/wp\/v2\/users\/1"}],"replies":[{"embeddable":true,"href":"https:\/\/lasnamaeprisma.ee\/en\/wp-json\/wp\/v2\/comments?post=474"}],"version-history":[{"count":20,"href":"https:\/\/lasnamaeprisma.ee\/en\/wp-json\/wp\/v2\/pages\/474\/revisions"}],"predecessor-version":[{"id":2202,"href":"https:\/\/lasnamaeprisma.ee\/en\/wp-json\/wp\/v2\/pages\/474\/revisions\/2202"}],"wp:attachment":[{"href":"https:\/\/lasnamaeprisma.ee\/en\/wp-json\/wp\/v2\/media?parent=474"}],"curies":[{"name":"wp","href":"https:\/\/api.w.org\/{rel}","templated":true}]}}